{"id":42,"date":"2024-12-04T19:29:44","date_gmt":"2024-12-04T19:29:44","guid":{"rendered":"https:\/\/www.abpflastern.de\/?page_id=42"},"modified":"2026-03-20T21:55:39","modified_gmt":"2026-03-20T20:55:39","slug":"good-parctices","status":"publish","type":"page","link":"https:\/\/www.abpflastern.de\/index.php\/good-parctices\/","title":{"rendered":"good practices"},"content":{"rendered":"\n<p>Neben den Blogbeitr\u00e4gen hier auf dieser Seite, gibt es auf unserem&nbsp;<a href=\"https:\/\/miro.com\/app\/board\/uXjVLVUO6ts=\/\" target=\"_blank\" rel=\"noreferrer noopener\">Miro-Board<\/a>&nbsp;weitere Good Practices, eure Hinweise, offene Fragen, eine Kontaktb\u00f6rse und vieles mehr. Lass dich dort inspirieren!<\/p>\n\n\n\n<div class=\"wp-block-columns is-layout-flex wp-container-core-columns-is-layout-28f84493 wp-block-columns-is-layout-flex\">\n<div class=\"wp-block-column is-layout-flow wp-block-column-is-layout-flow\">\n<figure class=\"wp-block-image size-large\"><img loading=\"lazy\" decoding=\"async\" width=\"1024\" height=\"768\" src=\"https:\/\/www.abpflastern.de\/wp-content\/uploads\/2025\/08\/IMG_5722-1024x768.jpeg\" alt=\"\" class=\"wp-image-1123\" srcset=\"https:\/\/www.abpflastern.de\/wp-content\/uploads\/2025\/08\/IMG_5722-1024x768.jpeg 1024w, https:\/\/www.abpflastern.de\/wp-content\/uploads\/2025\/08\/IMG_5722-300x225.jpeg 300w, https:\/\/www.abpflastern.de\/wp-content\/uploads\/2025\/08\/IMG_5722-768x576.jpeg 768w, https:\/\/www.abpflastern.de\/wp-content\/uploads\/2025\/08\/IMG_5722-1536x1152.jpeg 1536w, https:\/\/www.abpflastern.de\/wp-content\/uploads\/2025\/08\/IMG_5722.jpeg 1600w\" sizes=\"auto, (max-width: 1024px) 100vw, 1024px\" \/><\/figure>\n\n\n\n<h2 class=\"wp-block-heading\"><strong>schulen pflastern ab!<\/strong><\/h2>\n\n\n\n<p>Toni (14) aus Hamburg hat die Idee von abpflastern.de an Schulen gebracht \u2013 er ruft auch zum Wettbewerb auf! <a href=\"https:\/\/www.abpflastern.de\/index.php\/schulen-pflastern-ab\/\">mehr<\/a><\/p>\n<\/div>\n\n\n\n<div class=\"wp-block-column is-layout-flow wp-block-column-is-layout-flow\">\n<figure class=\"wp-block-image size-large\"><a href=\"https:\/\/www.abpflastern.de\/index.php\/klimabonus\/\"><img loading=\"lazy\" decoding=\"async\" width=\"1024\" height=\"768\" src=\"https:\/\/www.abpflastern.de\/wp-content\/uploads\/2025\/11\/Ffa_59_Innenhof-nachher-1-1024x768.jpg\" alt=\"\" class=\"wp-image-1275\" srcset=\"https:\/\/www.abpflastern.de\/wp-content\/uploads\/2025\/11\/Ffa_59_Innenhof-nachher-1-1024x768.jpg 1024w, https:\/\/www.abpflastern.de\/wp-content\/uploads\/2025\/11\/Ffa_59_Innenhof-nachher-1-300x225.jpg 300w, https:\/\/www.abpflastern.de\/wp-content\/uploads\/2025\/11\/Ffa_59_Innenhof-nachher-1-768x576.jpg 768w, https:\/\/www.abpflastern.de\/wp-content\/uploads\/2025\/11\/Ffa_59_Innenhof-nachher-1-1536x1152.jpg 1536w, https:\/\/www.abpflastern.de\/wp-content\/uploads\/2025\/11\/Ffa_59_Innenhof-nachher-1.jpg 2016w\" sizes=\"auto, (max-width: 1024px) 100vw, 1024px\" \/><\/a><\/figure>\n\n\n\n<h2 class=\"wp-block-heading\">klimabonus<\/h2>\n\n\n\n<p>Der Frankfurter \u201eKlimabonus\u201c unterst\u00fctzt bei der Umsetzung von Dach-, Fassaden- &amp; Hofbegr\u00fcnung, Regenwasserspeicher &amp; Trinkbrunnen, Solaranlagen, Mini-PV-Anlagen, Batteriespeicher &amp; Lades\u00e4ulen. <a href=\"https:\/\/www.abpflastern.de\/index.php\/klimabonus\/\">mehr<\/a><\/p>\n<\/div>\n\n\n\n<div class=\"wp-block-column is-layout-flow wp-block-column-is-layout-flow\">\n<figure class=\"wp-block-image size-large\"><a href=\"https:\/\/www.abpflastern.de\/index.php\/mitmachen-fuer-mehr-stadtgruen-in-aachen\/\"><img loading=\"lazy\" decoding=\"async\" width=\"1024\" height=\"770\" src=\"https:\/\/www.abpflastern.de\/wp-content\/uploads\/2025\/11\/Bildschirmfoto-2025-11-12-um-12.47.02-1024x770.png\" alt=\"\" class=\"wp-image-1279\" srcset=\"https:\/\/www.abpflastern.de\/wp-content\/uploads\/2025\/11\/Bildschirmfoto-2025-11-12-um-12.47.02-1024x770.png 1024w, https:\/\/www.abpflastern.de\/wp-content\/uploads\/2025\/11\/Bildschirmfoto-2025-11-12-um-12.47.02-300x226.png 300w, https:\/\/www.abpflastern.de\/wp-content\/uploads\/2025\/11\/Bildschirmfoto-2025-11-12-um-12.47.02-768x578.png 768w, https:\/\/www.abpflastern.de\/wp-content\/uploads\/2025\/11\/Bildschirmfoto-2025-11-12-um-12.47.02-1536x1156.png 1536w, https:\/\/www.abpflastern.de\/wp-content\/uploads\/2025\/11\/Bildschirmfoto-2025-11-12-um-12.47.02.png 1728w\" sizes=\"auto, (max-width: 1024px) 100vw, 1024px\" \/><\/a><\/figure>\n\n\n\n<h2 class=\"wp-block-heading has-medium-font-size\">stadtgr\u00fcn aachen<\/h2>\n\n\n\n<p>Beim st\u00e4dtischen Projekt &#8222;Innenstadtmorgen&#8220; wurden B\u00fcrger:innen eingeladen, auf einer 4&#215;5 Meter gro\u00dfen begehbaren Innenstadtkarte Orte zu markieren, wo abgepflastert werden und mehr Gr\u00fcn entstehen soll. <a href=\"https:\/\/www.abpflastern.de\/index.php\/mitmachen-fuer-mehr-stadtgruen-in-aachen\/\">mehr<\/a><\/p>\n<\/div>\n<\/div>\n\n\n\n<div class=\"wp-block-columns is-layout-flex wp-container-core-columns-is-layout-28f84493 wp-block-columns-is-layout-flex\">\n<div class=\"wp-block-column is-layout-flow wp-block-column-is-layout-flow\">\n<figure class=\"wp-block-image size-large\"><a href=\"https:\/\/www.abpflastern.de\/index.php\/entsiegelungskonzept-mannheim\/\"><img loading=\"lazy\" decoding=\"async\" width=\"1024\" height=\"767\" src=\"https:\/\/www.abpflastern.de\/wp-content\/uploads\/2025\/11\/Bildschirmfoto-2025-11-12-um-12.51.05-1024x767.png\" alt=\"\" class=\"wp-image-1282\" srcset=\"https:\/\/www.abpflastern.de\/wp-content\/uploads\/2025\/11\/Bildschirmfoto-2025-11-12-um-12.51.05-1024x767.png 1024w, https:\/\/www.abpflastern.de\/wp-content\/uploads\/2025\/11\/Bildschirmfoto-2025-11-12-um-12.51.05-300x225.png 300w, https:\/\/www.abpflastern.de\/wp-content\/uploads\/2025\/11\/Bildschirmfoto-2025-11-12-um-12.51.05-768x575.png 768w, https:\/\/www.abpflastern.de\/wp-content\/uploads\/2025\/11\/Bildschirmfoto-2025-11-12-um-12.51.05-1536x1151.png 1536w, https:\/\/www.abpflastern.de\/wp-content\/uploads\/2025\/11\/Bildschirmfoto-2025-11-12-um-12.51.05.png 1594w\" sizes=\"auto, (max-width: 1024px) 100vw, 1024px\" \/><\/a><\/figure>\n\n\n\n<h2 class=\"wp-block-heading\">entsiegelung mannheim <\/h2>\n\n\n\n<p>Die Stadt Mannheim hat systematisch Potenziale zur Entsiegelung im Stadtgebiet identifiziert, anschlie\u00dfend  ein Entsiegelungskonzept erstellt und erfolgreich umgesetzt.. <a href=\"https:\/\/www.abpflastern.de\/index.php\/entsiegelungskonzept-mannheim\/\">mehr<\/a><\/p>\n<\/div>\n\n\n\n<div class=\"wp-block-column is-layout-flow wp-block-column-is-layout-flow\">\n<figure class=\"wp-block-image size-large\"><a href=\"https:\/\/www.abpflastern.de\/index.php\/regionales-begleitangebot-des-kreises-steinfurt\/\"><img loading=\"lazy\" decoding=\"async\" width=\"1024\" height=\"739\" src=\"https:\/\/www.abpflastern.de\/wp-content\/uploads\/2025\/11\/Bildschirmfoto-2025-11-12-um-12.56.13-1024x739.png\" alt=\"\" class=\"wp-image-1285\" srcset=\"https:\/\/www.abpflastern.de\/wp-content\/uploads\/2025\/11\/Bildschirmfoto-2025-11-12-um-12.56.13-1024x739.png 1024w, https:\/\/www.abpflastern.de\/wp-content\/uploads\/2025\/11\/Bildschirmfoto-2025-11-12-um-12.56.13-300x217.png 300w, https:\/\/www.abpflastern.de\/wp-content\/uploads\/2025\/11\/Bildschirmfoto-2025-11-12-um-12.56.13-768x555.png 768w, https:\/\/www.abpflastern.de\/wp-content\/uploads\/2025\/11\/Bildschirmfoto-2025-11-12-um-12.56.13-1536x1109.png 1536w, https:\/\/www.abpflastern.de\/wp-content\/uploads\/2025\/11\/Bildschirmfoto-2025-11-12-um-12.56.13.png 1828w\" sizes=\"auto, (max-width: 1024px) 100vw, 1024px\" \/><\/a><\/figure>\n\n\n\n<h2 class=\"wp-block-heading\">energieland 2025<\/h2>\n\n\n\n<p>Der Kreis Steinfurt erstellte und betreibt eine zentrale Website mit regionalem Begleitangebot (F\u00f6rderinfos, Infomaterial, Beratung, Online- und Pr\u00e4senzvortr\u00e4ge) <a href=\"https:\/\/www.abpflastern.de\/index.php\/regionales-begleitangebot-des-kreises-steinfurt\/\">mehr<\/a><\/p>\n<\/div>\n\n\n\n<div class=\"wp-block-column is-layout-flow wp-block-column-is-layout-flow\">\n<figure class=\"wp-block-image size-large\"><a href=\"https:\/\/www.abpflastern.de\/index.php\/green-it-up\/\"><img loading=\"lazy\" decoding=\"async\" width=\"1024\" height=\"682\" src=\"https:\/\/www.abpflastern.de\/wp-content\/uploads\/2025\/11\/Bildschirmfoto-2025-11-12-um-12.23.46-1-1024x682.png\" alt=\"\" class=\"wp-image-1287\" srcset=\"https:\/\/www.abpflastern.de\/wp-content\/uploads\/2025\/11\/Bildschirmfoto-2025-11-12-um-12.23.46-1-1024x682.png 1024w, https:\/\/www.abpflastern.de\/wp-content\/uploads\/2025\/11\/Bildschirmfoto-2025-11-12-um-12.23.46-1-300x200.png 300w, https:\/\/www.abpflastern.de\/wp-content\/uploads\/2025\/11\/Bildschirmfoto-2025-11-12-um-12.23.46-1-768x511.png 768w, https:\/\/www.abpflastern.de\/wp-content\/uploads\/2025\/11\/Bildschirmfoto-2025-11-12-um-12.23.46-1-1536x1023.png 1536w, https:\/\/www.abpflastern.de\/wp-content\/uploads\/2025\/11\/Bildschirmfoto-2025-11-12-um-12.23.46-1.png 1904w\" sizes=\"auto, (max-width: 1024px) 100vw, 1024px\" \/><\/a><\/figure>\n\n\n\n<h2 class=\"wp-block-heading\">greenitup<\/h2>\n\n\n\n<p>Mithilfe von Ehrenamtlichen aus Frankfurts Quartieren wurden \u00f6ffentliche Fl\u00e4chen entsiegelt und begr\u00fcnt, die nun von den engagierten Gruppen gepflegt werden und als Blaupause dienen. <a href=\"https:\/\/www.abpflastern.de\/index.php\/green-it-up\/\">mehr<\/a><\/p>\n<\/div>\n<\/div>\n","protected":false},"excerpt":{"rendered":"<p>Neben den Blogbeitr\u00e4gen hier auf dieser Seite, gibt es auf unserem&nbsp;Miro-Board&nbsp;weitere Good Practices, eure Hinweise, offene Fragen, eine Kontaktb\u00f6rse und [&hellip;]<\/p>\n","protected":false},"author":1,"featured_media":0,"parent":0,"menu_order":4,"comment_status":"closed","ping_status":"closed","template":"","meta":{"_acf_changed":false,"_monsterinsights_skip_tracking":false,"_monsterinsights_sitenote_active":false,"_monsterinsights_sitenote_note":"","_monsterinsights_sitenote_category":0,"site-sidebar-layout":"default","site-content-layout":"","ast-site-content-layout":"","site-content-style":"default","site-sidebar-style":"default","ast-global-header-display":"","ast-banner-title-visibility":"","ast-main-header-display":"","ast-hfb-above-header-display":"","ast-hfb-below-header-display":"","ast-hfb-mobile-header-display":"","site-post-title":"","ast-breadcrumbs-content":"","ast-featured-img":"","footer-sml-layout":"","ast-disable-related-posts":"","theme-transparent-header-meta":"","adv-header-id-meta":"","stick-header-meta":"","header-above-stick-meta":"","header-main-stick-meta":"","header-below-stick-meta":"","astra-migrate-meta-layouts":"default","ast-page-background-enabled":"default","ast-page-background-meta":{"desktop":{"background-color":"var(--ast-global-color-4)","background-image":"","background-repeat":"repeat","background-position":"center center","background-size":"auto","background-attachment":"scroll","background-type":"","background-media":"","overlay-type":"","overlay-color":"","overlay-opacity":"","overlay-gradient":""},"tablet":{"background-color":"","background-image":"","background-repeat":"repeat","background-position":"center center","background-size":"auto","background-attachment":"scroll","background-type":"","background-media":"","overlay-type":"","overlay-color":"","overlay-opacity":"","overlay-gradient":""},"mobile":{"background-color":"","background-image":"","background-repeat":"repeat","background-position":"center center","background-size":"auto","background-attachment":"scroll","background-type":"","background-media":"","overlay-type":"","overlay-color":"","overlay-opacity":"","overlay-gradient":""}},"ast-content-background-meta":{"desktop":{"background-color":"var(--ast-global-color-5)","background-image":"","background-repeat":"repeat","background-position":"center center","background-size":"auto","background-attachment":"scroll","background-type":"","background-media":"","overlay-type":"","overlay-color":"","overlay-opacity":"","overlay-gradient":""},"tablet":{"background-color":"var(--ast-global-color-5)","background-image":"","background-repeat":"repeat","background-position":"center center","background-size":"auto","background-attachment":"scroll","background-type":"","background-media":"","overlay-type":"","overlay-color":"","overlay-opacity":"","overlay-gradient":""},"mobile":{"background-color":"var(--ast-global-color-5)","background-image":"","background-repeat":"repeat","background-position":"center center","background-size":"auto","background-attachment":"scroll","background-type":"","background-media":"","overlay-type":"","overlay-color":"","overlay-opacity":"","overlay-gradient":""}},"footnotes":""},"class_list":["post-42","page","type-page","status-publish","hentry"],"acf":[],"yoast_head":"<!-- This site is optimized with the Yoast SEO plugin v27.3 - https:\/\/yoast.com\/product\/yoast-seo-wordpress\/ -->\n<title>good practices - abpflastern<\/title>\n<meta name=\"robots\" content=\"index, follow, max-snippet:-1, max-image-preview:large, max-video-preview:-1\" \/>\n<link rel=\"canonical\" href=\"https:\/\/www.abpflastern.de\/index.php\/good-parctices\/\" \/>\n<meta property=\"og:locale\" content=\"de_DE\" \/>\n<meta property=\"og:type\" content=\"article\" \/>\n<meta property=\"og:title\" content=\"good practices - abpflastern\" \/>\n<meta property=\"og:description\" content=\"Neben den Blogbeitr\u00e4gen hier auf dieser Seite, gibt es auf unserem&nbsp;Miro-Board&nbsp;weitere Good Practices, eure Hinweise, offene Fragen, eine Kontaktb\u00f6rse und [&hellip;]\" \/>\n<meta property=\"og:url\" content=\"https:\/\/www.abpflastern.de\/index.php\/good-parctices\/\" \/>\n<meta property=\"og:site_name\" content=\"abpflastern\" \/>\n<meta property=\"article:modified_time\" content=\"2026-03-20T20:55:39+00:00\" \/>\n<meta property=\"og:image\" content=\"https:\/\/www.abpflastern.de\/wp-content\/uploads\/2025\/08\/IMG_5722.jpeg\" \/>\n\t<meta property=\"og:image:width\" content=\"1600\" \/>\n\t<meta property=\"og:image:height\" content=\"1200\" \/>\n\t<meta property=\"og:image:type\" content=\"image\/jpeg\" \/>\n<meta name=\"twitter:card\" content=\"summary_large_image\" \/>\n<meta name=\"twitter:label1\" content=\"Gesch\u00e4tzte Lesezeit\" \/>\n\t<meta name=\"twitter:data1\" content=\"3\u00a0Minuten\" \/>\n<script type=\"application\/ld+json\" class=\"yoast-schema-graph\">{\"@context\":\"https:\\\/\\\/schema.org\",\"@graph\":[{\"@type\":\"WebPage\",\"@id\":\"https:\\\/\\\/www.abpflastern.de\\\/index.php\\\/good-parctices\\\/\",\"url\":\"https:\\\/\\\/www.abpflastern.de\\\/index.php\\\/good-parctices\\\/\",\"name\":\"good practices - abpflastern\",\"isPartOf\":{\"@id\":\"https:\\\/\\\/www.abpflastern.de\\\/#website\"},\"primaryImageOfPage\":{\"@id\":\"https:\\\/\\\/www.abpflastern.de\\\/index.php\\\/good-parctices\\\/#primaryimage\"},\"image\":{\"@id\":\"https:\\\/\\\/www.abpflastern.de\\\/index.php\\\/good-parctices\\\/#primaryimage\"},\"thumbnailUrl\":\"https:\\\/\\\/www.abpflastern.de\\\/wp-content\\\/uploads\\\/2025\\\/08\\\/IMG_5722-1024x768.jpeg\",\"datePublished\":\"2024-12-04T19:29:44+00:00\",\"dateModified\":\"2026-03-20T20:55:39+00:00\",\"breadcrumb\":{\"@id\":\"https:\\\/\\\/www.abpflastern.de\\\/index.php\\\/good-parctices\\\/#breadcrumb\"},\"inLanguage\":\"de\",\"potentialAction\":[{\"@type\":\"ReadAction\",\"target\":[\"https:\\\/\\\/www.abpflastern.de\\\/index.php\\\/good-parctices\\\/\"]}]},{\"@type\":\"ImageObject\",\"inLanguage\":\"de\",\"@id\":\"https:\\\/\\\/www.abpflastern.de\\\/index.php\\\/good-parctices\\\/#primaryimage\",\"url\":\"https:\\\/\\\/www.abpflastern.de\\\/wp-content\\\/uploads\\\/2025\\\/08\\\/IMG_5722.jpeg\",\"contentUrl\":\"https:\\\/\\\/www.abpflastern.de\\\/wp-content\\\/uploads\\\/2025\\\/08\\\/IMG_5722.jpeg\",\"width\":1600,\"height\":1200},{\"@type\":\"BreadcrumbList\",\"@id\":\"https:\\\/\\\/www.abpflastern.de\\\/index.php\\\/good-parctices\\\/#breadcrumb\",\"itemListElement\":[{\"@type\":\"ListItem\",\"position\":1,\"name\":\"Startseite\",\"item\":\"https:\\\/\\\/www.abpflastern.de\\\/\"},{\"@type\":\"ListItem\",\"position\":2,\"name\":\"good practices\"}]},{\"@type\":\"WebSite\",\"@id\":\"https:\\\/\\\/www.abpflastern.de\\\/#website\",\"url\":\"https:\\\/\\\/www.abpflastern.de\\\/\",\"name\":\"abpflastern\",\"description\":\"der Entsiegelungs-Wettbewerb\",\"publisher\":{\"@id\":\"https:\\\/\\\/www.abpflastern.de\\\/#organization\"},\"potentialAction\":[{\"@type\":\"SearchAction\",\"target\":{\"@type\":\"EntryPoint\",\"urlTemplate\":\"https:\\\/\\\/www.abpflastern.de\\\/?s={search_term_string}\"},\"query-input\":{\"@type\":\"PropertyValueSpecification\",\"valueRequired\":true,\"valueName\":\"search_term_string\"}}],\"inLanguage\":\"de\"},{\"@type\":\"Organization\",\"@id\":\"https:\\\/\\\/www.abpflastern.de\\\/#organization\",\"name\":\"abpflastern\",\"url\":\"https:\\\/\\\/www.abpflastern.de\\\/\",\"logo\":{\"@type\":\"ImageObject\",\"inLanguage\":\"de\",\"@id\":\"https:\\\/\\\/www.abpflastern.de\\\/#\\\/schema\\\/logo\\\/image\\\/\",\"url\":\"https:\\\/\\\/www.abpflastern.de\\\/wp-content\\\/uploads\\\/2026\\\/01\\\/Offizielles-Logo-official.png\",\"contentUrl\":\"https:\\\/\\\/www.abpflastern.de\\\/wp-content\\\/uploads\\\/2026\\\/01\\\/Offizielles-Logo-official.png\",\"width\":2048,\"height\":2048,\"caption\":\"abpflastern\"},\"image\":{\"@id\":\"https:\\\/\\\/www.abpflastern.de\\\/#\\\/schema\\\/logo\\\/image\\\/\"},\"sameAs\":[\"https:\\\/\\\/www.instagram.com\\\/abpflastern\\\/\"]}]}<\/script>\n<!-- \/ Yoast SEO plugin. -->","yoast_head_json":{"title":"good practices - abpflastern","robots":{"index":"index","follow":"follow","max-snippet":"max-snippet:-1","max-image-preview":"max-image-preview:large","max-video-preview":"max-video-preview:-1"},"canonical":"https:\/\/www.abpflastern.de\/index.php\/good-parctices\/","og_locale":"de_DE","og_type":"article","og_title":"good practices - abpflastern","og_description":"Neben den Blogbeitr\u00e4gen hier auf dieser Seite, gibt es auf unserem&nbsp;Miro-Board&nbsp;weitere Good Practices, eure Hinweise, offene Fragen, eine Kontaktb\u00f6rse und [&hellip;]","og_url":"https:\/\/www.abpflastern.de\/index.php\/good-parctices\/","og_site_name":"abpflastern","article_modified_time":"2026-03-20T20:55:39+00:00","og_image":[{"width":1600,"height":1200,"url":"https:\/\/www.abpflastern.de\/wp-content\/uploads\/2025\/08\/IMG_5722.jpeg","type":"image\/jpeg"}],"twitter_card":"summary_large_image","twitter_misc":{"Gesch\u00e4tzte Lesezeit":"3\u00a0Minuten"},"schema":{"@context":"https:\/\/schema.org","@graph":[{"@type":"WebPage","@id":"https:\/\/www.abpflastern.de\/index.php\/good-parctices\/","url":"https:\/\/www.abpflastern.de\/index.php\/good-parctices\/","name":"good practices - abpflastern","isPartOf":{"@id":"https:\/\/www.abpflastern.de\/#website"},"primaryImageOfPage":{"@id":"https:\/\/www.abpflastern.de\/index.php\/good-parctices\/#primaryimage"},"image":{"@id":"https:\/\/www.abpflastern.de\/index.php\/good-parctices\/#primaryimage"},"thumbnailUrl":"https:\/\/www.abpflastern.de\/wp-content\/uploads\/2025\/08\/IMG_5722-1024x768.jpeg","datePublished":"2024-12-04T19:29:44+00:00","dateModified":"2026-03-20T20:55:39+00:00","breadcrumb":{"@id":"https:\/\/www.abpflastern.de\/index.php\/good-parctices\/#breadcrumb"},"inLanguage":"de","potentialAction":[{"@type":"ReadAction","target":["https:\/\/www.abpflastern.de\/index.php\/good-parctices\/"]}]},{"@type":"ImageObject","inLanguage":"de","@id":"https:\/\/www.abpflastern.de\/index.php\/good-parctices\/#primaryimage","url":"https:\/\/www.abpflastern.de\/wp-content\/uploads\/2025\/08\/IMG_5722.jpeg","contentUrl":"https:\/\/www.abpflastern.de\/wp-content\/uploads\/2025\/08\/IMG_5722.jpeg","width":1600,"height":1200},{"@type":"BreadcrumbList","@id":"https:\/\/www.abpflastern.de\/index.php\/good-parctices\/#breadcrumb","itemListElement":[{"@type":"ListItem","position":1,"name":"Startseite","item":"https:\/\/www.abpflastern.de\/"},{"@type":"ListItem","position":2,"name":"good practices"}]},{"@type":"WebSite","@id":"https:\/\/www.abpflastern.de\/#website","url":"https:\/\/www.abpflastern.de\/","name":"abpflastern","description":"der Entsiegelungs-Wettbewerb","publisher":{"@id":"https:\/\/www.abpflastern.de\/#organization"},"potentialAction":[{"@type":"SearchAction","target":{"@type":"EntryPoint","urlTemplate":"https:\/\/www.abpflastern.de\/?s={search_term_string}"},"query-input":{"@type":"PropertyValueSpecification","valueRequired":true,"valueName":"search_term_string"}}],"inLanguage":"de"},{"@type":"Organization","@id":"https:\/\/www.abpflastern.de\/#organization","name":"abpflastern","url":"https:\/\/www.abpflastern.de\/","logo":{"@type":"ImageObject","inLanguage":"de","@id":"https:\/\/www.abpflastern.de\/#\/schema\/logo\/image\/","url":"https:\/\/www.abpflastern.de\/wp-content\/uploads\/2026\/01\/Offizielles-Logo-official.png","contentUrl":"https:\/\/www.abpflastern.de\/wp-content\/uploads\/2026\/01\/Offizielles-Logo-official.png","width":2048,"height":2048,"caption":"abpflastern"},"image":{"@id":"https:\/\/www.abpflastern.de\/#\/schema\/logo\/image\/"},"sameAs":["https:\/\/www.instagram.com\/abpflastern\/"]}]}},"_links":{"self":[{"href":"https:\/\/www.abpflastern.de\/index.php\/wp-json\/wp\/v2\/pages\/42","targetHints":{"allow":["GET"]}}],"collection":[{"href":"https:\/\/www.abpflastern.de\/index.php\/wp-json\/wp\/v2\/pages"}],"about":[{"href":"https:\/\/www.abpflastern.de\/index.php\/wp-json\/wp\/v2\/types\/page"}],"author":[{"embeddable":true,"href":"https:\/\/www.abpflastern.de\/index.php\/wp-json\/wp\/v2\/users\/1"}],"replies":[{"embeddable":true,"href":"https:\/\/www.abpflastern.de\/index.php\/wp-json\/wp\/v2\/comments?post=42"}],"version-history":[{"count":51,"href":"https:\/\/www.abpflastern.de\/index.php\/wp-json\/wp\/v2\/pages\/42\/revisions"}],"predecessor-version":[{"id":2126,"href":"https:\/\/www.abpflastern.de\/index.php\/wp-json\/wp\/v2\/pages\/42\/revisions\/2126"}],"wp:attachment":[{"href":"https:\/\/www.abpflastern.de\/index.php\/wp-json\/wp\/v2\/media?parent=42"}],"curies":[{"name":"wp","href":"https:\/\/api.w.org\/{rel}","templated":true}]}}