{"id":1558,"date":"2026-03-01T14:45:49","date_gmt":"2026-03-01T13:45:49","guid":{"rendered":"https:\/\/www.abpflastern.de\/?page_id=1558"},"modified":"2026-03-31T14:41:41","modified_gmt":"2026-03-31T13:41:41","slug":"vergangene-veranstaltungen","status":"publish","type":"page","link":"https:\/\/www.abpflastern.de\/index.php\/vergangene-veranstaltungen\/","title":{"rendered":"vergangene veranstaltungen"},"content":{"rendered":"\n<div class=\"wp-block-columns is-layout-flex wp-container-core-columns-is-layout-28f84493 wp-block-columns-is-layout-flex\">\n<div class=\"wp-block-column is-vertically-aligned-top is-layout-flow wp-block-column-is-layout-flow\">\n<figure class=\"wp-block-image size-large\"><img loading=\"lazy\" decoding=\"async\" width=\"1024\" height=\"1024\" src=\"https:\/\/www.abpflastern.de\/wp-content\/uploads\/2026\/03\/studentische-online-konferenz-2026-1024x1024.png\" alt=\"\" class=\"wp-image-1566\" srcset=\"https:\/\/www.abpflastern.de\/wp-content\/uploads\/2026\/03\/studentische-online-konferenz-2026-1024x1024.png 1024w, https:\/\/www.abpflastern.de\/wp-content\/uploads\/2026\/03\/studentische-online-konferenz-2026-300x300.png 300w, https:\/\/www.abpflastern.de\/wp-content\/uploads\/2026\/03\/studentische-online-konferenz-2026-150x150.png 150w, https:\/\/www.abpflastern.de\/wp-content\/uploads\/2026\/03\/studentische-online-konferenz-2026-768x768.png 768w, https:\/\/www.abpflastern.de\/wp-content\/uploads\/2026\/03\/studentische-online-konferenz-2026.png 1080w\" sizes=\"auto, (max-width: 1024px) 100vw, 1024px\" \/><\/figure>\n\n\n\n<h2 class=\"wp-block-heading\">studentische online-konferenz \u201eabpflastern!\u201c 2026<\/h2>\n\n\n\n<p>\u00dcber drei Tage hinweg haben wir Studis der <a href=\"https:\/\/hfgg.de\/\" type=\"link\" id=\"https:\/\/hfgg.de\/\">hochschule f\u00fcr gesellschaftsgestaltung<\/a> <strong>Kurzvortr\u00e4ge <\/strong>zu unterschiedlichen Themen mit Bezug zum abpflastern gehalten.<\/p>\n\n\n\n<div class=\"wp-block-buttons is-content-justification-center is-layout-flex wp-container-core-buttons-is-layout-a89b3969 wp-block-buttons-is-layout-flex\">\n<div class=\"wp-block-button\"><a class=\"wp-block-button__link has-text-align-center wp-element-button\" href=\"https:\/\/www.abpflastern.de\/index.php\/studentische-online-konferenz\/\">weiterlesen<\/a><\/div>\n<\/div>\n<\/div>\n\n\n\n<div class=\"wp-block-column is-layout-flow wp-block-column-is-layout-flow\">\n<figure class=\"wp-block-image aligncenter size-full is-resized\"><img loading=\"lazy\" decoding=\"async\" width=\"418\" height=\"383\" src=\"https:\/\/www.abpflastern.de\/wp-content\/uploads\/2026\/02\/abpflastern_vernetzt_logo.png\" alt=\"\" class=\"wp-image-1547\" style=\"aspect-ratio:1.091387540288034;width:742px;height:auto\" srcset=\"https:\/\/www.abpflastern.de\/wp-content\/uploads\/2026\/02\/abpflastern_vernetzt_logo.png 418w, https:\/\/www.abpflastern.de\/wp-content\/uploads\/2026\/02\/abpflastern_vernetzt_logo-300x275.png 300w\" sizes=\"auto, (max-width: 418px) 100vw, 418px\" \/><\/figure>\n\n\n\n<p><\/p>\n\n\n\n<h2 class=\"wp-block-heading\">abpflastern vernetzt!<\/h2>\n\n\n\n<p>Am 12. Februar 2026 haben wir unter dem Motto \u201eabpflastern vernetzt!\u201c unser erstes Online-Vernetzungstreffen veranstaltet. Ziel war es, <strong>voneinander zu lernen<\/strong> und mit<strong> frischen Ideen<\/strong> in die n\u00e4chste Saison zu starten.<\/p>\n\n\n\n<div class=\"wp-block-buttons is-content-justification-center is-layout-flex wp-container-core-buttons-is-layout-a89b3969 wp-block-buttons-is-layout-flex\">\n<div class=\"wp-block-button\"><a class=\"wp-block-button__link has-text-align-center wp-element-button\" href=\"https:\/\/www.abpflastern.de\/index.php\/abpflastern-vernetzt\">weiterlesen<\/a><\/div>\n<\/div>\n<\/div>\n<\/div>\n\n\n\n<p><\/p>\n","protected":false},"excerpt":{"rendered":"<p>studentische online-konferenz \u201eabpflastern!\u201c 2026 \u00dcber drei Tage hinweg haben wir Studis der hochschule f\u00fcr gesellschaftsgestaltung Kurzvortr\u00e4ge zu unterschiedlichen Themen mit [&hellip;]<\/p>\n","protected":false},"author":1,"featured_media":0,"parent":0,"menu_order":0,"comment_status":"closed","ping_status":"closed","template":"","meta":{"_acf_changed":false,"_monsterinsights_skip_tracking":false,"_monsterinsights_sitenote_active":false,"_monsterinsights_sitenote_note":"","_monsterinsights_sitenote_category":0,"site-sidebar-layout":"default","site-content-layout":"","ast-site-content-layout":"default","site-content-style":"default","site-sidebar-style":"default","ast-global-header-display":"","ast-banner-title-visibility":"","ast-main-header-display":"","ast-hfb-above-header-display":"","ast-hfb-below-header-display":"","ast-hfb-mobile-header-display":"","site-post-title":"","ast-breadcrumbs-content":"","ast-featured-img":"","footer-sml-layout":"","ast-disable-related-posts":"","theme-transparent-header-meta":"","adv-header-id-meta":"","stick-header-meta":"","header-above-stick-meta":"","header-main-stick-meta":"","header-below-stick-meta":"","astra-migrate-meta-layouts":"default","ast-page-background-enabled":"default","ast-page-background-meta":{"desktop":{"background-color":"var(--ast-global-color-4)","background-image":"","background-repeat":"repeat","background-position":"center center","background-size":"auto","background-attachment":"scroll","background-type":"","background-media":"","overlay-type":"","overlay-color":"","overlay-opacity":"","overlay-gradient":""},"tablet":{"background-color":"","background-image":"","background-repeat":"repeat","background-position":"center center","background-size":"auto","background-attachment":"scroll","background-type":"","background-media":"","overlay-type":"","overlay-color":"","overlay-opacity":"","overlay-gradient":""},"mobile":{"background-color":"","background-image":"","background-repeat":"repeat","background-position":"center center","background-size":"auto","background-attachment":"scroll","background-type":"","background-media":"","overlay-type":"","overlay-color":"","overlay-opacity":"","overlay-gradient":""}},"ast-content-background-meta":{"desktop":{"background-color":"var(--ast-global-color-5)","background-image":"","background-repeat":"repeat","background-position":"center center","background-size":"auto","background-attachment":"scroll","background-type":"","background-media":"","overlay-type":"","overlay-color":"","overlay-opacity":"","overlay-gradient":""},"tablet":{"background-color":"var(--ast-global-color-5)","background-image":"","background-repeat":"repeat","background-position":"center center","background-size":"auto","background-attachment":"scroll","background-type":"","background-media":"","overlay-type":"","overlay-color":"","overlay-opacity":"","overlay-gradient":""},"mobile":{"background-color":"var(--ast-global-color-5)","background-image":"","background-repeat":"repeat","background-position":"center center","background-size":"auto","background-attachment":"scroll","background-type":"","background-media":"","overlay-type":"","overlay-color":"","overlay-opacity":"","overlay-gradient":""}},"footnotes":""},"class_list":["post-1558","page","type-page","status-publish","hentry"],"acf":[],"yoast_head":"<!-- This site is optimized with the Yoast SEO plugin v27.4 - https:\/\/yoast.com\/product\/yoast-seo-wordpress\/ -->\n<title>vergangene veranstaltungen - abpflastern<\/title>\n<meta name=\"robots\" content=\"index, follow, max-snippet:-1, max-image-preview:large, max-video-preview:-1\" \/>\n<link rel=\"canonical\" href=\"https:\/\/www.abpflastern.de\/index.php\/vergangene-veranstaltungen\/\" \/>\n<meta property=\"og:locale\" content=\"de_DE\" \/>\n<meta property=\"og:type\" content=\"article\" \/>\n<meta property=\"og:title\" content=\"vergangene veranstaltungen - abpflastern\" \/>\n<meta property=\"og:description\" content=\"studentische online-konferenz \u201eabpflastern!\u201c 2026 \u00dcber drei Tage hinweg haben wir Studis der hochschule f\u00fcr gesellschaftsgestaltung Kurzvortr\u00e4ge zu unterschiedlichen Themen mit [&hellip;]\" \/>\n<meta property=\"og:url\" content=\"https:\/\/www.abpflastern.de\/index.php\/vergangene-veranstaltungen\/\" \/>\n<meta property=\"og:site_name\" content=\"abpflastern\" \/>\n<meta property=\"article:modified_time\" content=\"2026-03-31T13:41:41+00:00\" \/>\n<meta property=\"og:image\" content=\"https:\/\/www.abpflastern.de\/wp-content\/uploads\/2026\/03\/studentische-online-konferenz-2026.png\" \/>\n\t<meta property=\"og:image:width\" content=\"1080\" \/>\n\t<meta property=\"og:image:height\" content=\"1080\" \/>\n\t<meta property=\"og:image:type\" content=\"image\/png\" \/>\n<meta name=\"twitter:card\" content=\"summary_large_image\" \/>\n<meta name=\"twitter:label1\" content=\"Gesch\u00e4tzte Lesezeit\" \/>\n\t<meta name=\"twitter:data1\" content=\"1\u00a0Minute\" \/>\n<script type=\"application\/ld+json\" class=\"yoast-schema-graph\">{\"@context\":\"https:\\\/\\\/schema.org\",\"@graph\":[{\"@type\":\"WebPage\",\"@id\":\"https:\\\/\\\/www.abpflastern.de\\\/index.php\\\/vergangene-veranstaltungen\\\/\",\"url\":\"https:\\\/\\\/www.abpflastern.de\\\/index.php\\\/vergangene-veranstaltungen\\\/\",\"name\":\"vergangene veranstaltungen - abpflastern\",\"isPartOf\":{\"@id\":\"https:\\\/\\\/www.abpflastern.de\\\/#website\"},\"primaryImageOfPage\":{\"@id\":\"https:\\\/\\\/www.abpflastern.de\\\/index.php\\\/vergangene-veranstaltungen\\\/#primaryimage\"},\"image\":{\"@id\":\"https:\\\/\\\/www.abpflastern.de\\\/index.php\\\/vergangene-veranstaltungen\\\/#primaryimage\"},\"thumbnailUrl\":\"https:\\\/\\\/www.abpflastern.de\\\/wp-content\\\/uploads\\\/2026\\\/03\\\/studentische-online-konferenz-2026-1024x1024.png\",\"datePublished\":\"2026-03-01T13:45:49+00:00\",\"dateModified\":\"2026-03-31T13:41:41+00:00\",\"breadcrumb\":{\"@id\":\"https:\\\/\\\/www.abpflastern.de\\\/index.php\\\/vergangene-veranstaltungen\\\/#breadcrumb\"},\"inLanguage\":\"de\",\"potentialAction\":[{\"@type\":\"ReadAction\",\"target\":[\"https:\\\/\\\/www.abpflastern.de\\\/index.php\\\/vergangene-veranstaltungen\\\/\"]}]},{\"@type\":\"ImageObject\",\"inLanguage\":\"de\",\"@id\":\"https:\\\/\\\/www.abpflastern.de\\\/index.php\\\/vergangene-veranstaltungen\\\/#primaryimage\",\"url\":\"https:\\\/\\\/www.abpflastern.de\\\/wp-content\\\/uploads\\\/2026\\\/03\\\/studentische-online-konferenz-2026.png\",\"contentUrl\":\"https:\\\/\\\/www.abpflastern.de\\\/wp-content\\\/uploads\\\/2026\\\/03\\\/studentische-online-konferenz-2026.png\",\"width\":1080,\"height\":1080},{\"@type\":\"BreadcrumbList\",\"@id\":\"https:\\\/\\\/www.abpflastern.de\\\/index.php\\\/vergangene-veranstaltungen\\\/#breadcrumb\",\"itemListElement\":[{\"@type\":\"ListItem\",\"position\":1,\"name\":\"Startseite\",\"item\":\"https:\\\/\\\/www.abpflastern.de\\\/\"},{\"@type\":\"ListItem\",\"position\":2,\"name\":\"vergangene veranstaltungen\"}]},{\"@type\":\"WebSite\",\"@id\":\"https:\\\/\\\/www.abpflastern.de\\\/#website\",\"url\":\"https:\\\/\\\/www.abpflastern.de\\\/\",\"name\":\"abpflastern\",\"description\":\"der Entsiegelungs-Wettbewerb\",\"publisher\":{\"@id\":\"https:\\\/\\\/www.abpflastern.de\\\/#organization\"},\"potentialAction\":[{\"@type\":\"SearchAction\",\"target\":{\"@type\":\"EntryPoint\",\"urlTemplate\":\"https:\\\/\\\/www.abpflastern.de\\\/?s={search_term_string}\"},\"query-input\":{\"@type\":\"PropertyValueSpecification\",\"valueRequired\":true,\"valueName\":\"search_term_string\"}}],\"inLanguage\":\"de\"},{\"@type\":\"Organization\",\"@id\":\"https:\\\/\\\/www.abpflastern.de\\\/#organization\",\"name\":\"abpflastern\",\"url\":\"https:\\\/\\\/www.abpflastern.de\\\/\",\"logo\":{\"@type\":\"ImageObject\",\"inLanguage\":\"de\",\"@id\":\"https:\\\/\\\/www.abpflastern.de\\\/#\\\/schema\\\/logo\\\/image\\\/\",\"url\":\"https:\\\/\\\/www.abpflastern.de\\\/wp-content\\\/uploads\\\/2026\\\/01\\\/Offizielles-Logo-official.png\",\"contentUrl\":\"https:\\\/\\\/www.abpflastern.de\\\/wp-content\\\/uploads\\\/2026\\\/01\\\/Offizielles-Logo-official.png\",\"width\":2048,\"height\":2048,\"caption\":\"abpflastern\"},\"image\":{\"@id\":\"https:\\\/\\\/www.abpflastern.de\\\/#\\\/schema\\\/logo\\\/image\\\/\"},\"sameAs\":[\"https:\\\/\\\/www.instagram.com\\\/abpflastern\\\/\"]}]}<\/script>\n<!-- \/ Yoast SEO plugin. -->","yoast_head_json":{"title":"vergangene veranstaltungen - abpflastern","robots":{"index":"index","follow":"follow","max-snippet":"max-snippet:-1","max-image-preview":"max-image-preview:large","max-video-preview":"max-video-preview:-1"},"canonical":"https:\/\/www.abpflastern.de\/index.php\/vergangene-veranstaltungen\/","og_locale":"de_DE","og_type":"article","og_title":"vergangene veranstaltungen - abpflastern","og_description":"studentische online-konferenz \u201eabpflastern!\u201c 2026 \u00dcber drei Tage hinweg haben wir Studis der hochschule f\u00fcr gesellschaftsgestaltung Kurzvortr\u00e4ge zu unterschiedlichen Themen mit [&hellip;]","og_url":"https:\/\/www.abpflastern.de\/index.php\/vergangene-veranstaltungen\/","og_site_name":"abpflastern","article_modified_time":"2026-03-31T13:41:41+00:00","og_image":[{"width":1080,"height":1080,"url":"https:\/\/www.abpflastern.de\/wp-content\/uploads\/2026\/03\/studentische-online-konferenz-2026.png","type":"image\/png"}],"twitter_card":"summary_large_image","twitter_misc":{"Gesch\u00e4tzte Lesezeit":"1\u00a0Minute"},"schema":{"@context":"https:\/\/schema.org","@graph":[{"@type":"WebPage","@id":"https:\/\/www.abpflastern.de\/index.php\/vergangene-veranstaltungen\/","url":"https:\/\/www.abpflastern.de\/index.php\/vergangene-veranstaltungen\/","name":"vergangene veranstaltungen - abpflastern","isPartOf":{"@id":"https:\/\/www.abpflastern.de\/#website"},"primaryImageOfPage":{"@id":"https:\/\/www.abpflastern.de\/index.php\/vergangene-veranstaltungen\/#primaryimage"},"image":{"@id":"https:\/\/www.abpflastern.de\/index.php\/vergangene-veranstaltungen\/#primaryimage"},"thumbnailUrl":"https:\/\/www.abpflastern.de\/wp-content\/uploads\/2026\/03\/studentische-online-konferenz-2026-1024x1024.png","datePublished":"2026-03-01T13:45:49+00:00","dateModified":"2026-03-31T13:41:41+00:00","breadcrumb":{"@id":"https:\/\/www.abpflastern.de\/index.php\/vergangene-veranstaltungen\/#breadcrumb"},"inLanguage":"de","potentialAction":[{"@type":"ReadAction","target":["https:\/\/www.abpflastern.de\/index.php\/vergangene-veranstaltungen\/"]}]},{"@type":"ImageObject","inLanguage":"de","@id":"https:\/\/www.abpflastern.de\/index.php\/vergangene-veranstaltungen\/#primaryimage","url":"https:\/\/www.abpflastern.de\/wp-content\/uploads\/2026\/03\/studentische-online-konferenz-2026.png","contentUrl":"https:\/\/www.abpflastern.de\/wp-content\/uploads\/2026\/03\/studentische-online-konferenz-2026.png","width":1080,"height":1080},{"@type":"BreadcrumbList","@id":"https:\/\/www.abpflastern.de\/index.php\/vergangene-veranstaltungen\/#breadcrumb","itemListElement":[{"@type":"ListItem","position":1,"name":"Startseite","item":"https:\/\/www.abpflastern.de\/"},{"@type":"ListItem","position":2,"name":"vergangene veranstaltungen"}]},{"@type":"WebSite","@id":"https:\/\/www.abpflastern.de\/#website","url":"https:\/\/www.abpflastern.de\/","name":"abpflastern","description":"der Entsiegelungs-Wettbewerb","publisher":{"@id":"https:\/\/www.abpflastern.de\/#organization"},"potentialAction":[{"@type":"SearchAction","target":{"@type":"EntryPoint","urlTemplate":"https:\/\/www.abpflastern.de\/?s={search_term_string}"},"query-input":{"@type":"PropertyValueSpecification","valueRequired":true,"valueName":"search_term_string"}}],"inLanguage":"de"},{"@type":"Organization","@id":"https:\/\/www.abpflastern.de\/#organization","name":"abpflastern","url":"https:\/\/www.abpflastern.de\/","logo":{"@type":"ImageObject","inLanguage":"de","@id":"https:\/\/www.abpflastern.de\/#\/schema\/logo\/image\/","url":"https:\/\/www.abpflastern.de\/wp-content\/uploads\/2026\/01\/Offizielles-Logo-official.png","contentUrl":"https:\/\/www.abpflastern.de\/wp-content\/uploads\/2026\/01\/Offizielles-Logo-official.png","width":2048,"height":2048,"caption":"abpflastern"},"image":{"@id":"https:\/\/www.abpflastern.de\/#\/schema\/logo\/image\/"},"sameAs":["https:\/\/www.instagram.com\/abpflastern\/"]}]}},"_links":{"self":[{"href":"https:\/\/www.abpflastern.de\/index.php\/wp-json\/wp\/v2\/pages\/1558","targetHints":{"allow":["GET"]}}],"collection":[{"href":"https:\/\/www.abpflastern.de\/index.php\/wp-json\/wp\/v2\/pages"}],"about":[{"href":"https:\/\/www.abpflastern.de\/index.php\/wp-json\/wp\/v2\/types\/page"}],"author":[{"embeddable":true,"href":"https:\/\/www.abpflastern.de\/index.php\/wp-json\/wp\/v2\/users\/1"}],"replies":[{"embeddable":true,"href":"https:\/\/www.abpflastern.de\/index.php\/wp-json\/wp\/v2\/comments?post=1558"}],"version-history":[{"count":16,"href":"https:\/\/www.abpflastern.de\/index.php\/wp-json\/wp\/v2\/pages\/1558\/revisions"}],"predecessor-version":[{"id":2125,"href":"https:\/\/www.abpflastern.de\/index.php\/wp-json\/wp\/v2\/pages\/1558\/revisions\/2125"}],"wp:attachment":[{"href":"https:\/\/www.abpflastern.de\/index.php\/wp-json\/wp\/v2\/media?parent=1558"}],"curies":[{"name":"wp","href":"https:\/\/api.w.org\/{rel}","templated":true}]}}