{"id":1448,"date":"2026-02-10T10:26:42","date_gmt":"2026-02-10T09:26:42","guid":{"rendered":"https:\/\/www.abpflastern.de\/?page_id=1448"},"modified":"2026-04-13T20:37:34","modified_gmt":"2026-04-13T19:37:34","slug":"das-team","status":"publish","type":"page","link":"https:\/\/www.abpflastern.de\/index.php\/das-team\/","title":{"rendered":"\u00fcber uns"},"content":{"rendered":"\n<div class=\"wp-block-columns is-layout-flex wp-container-core-columns-is-layout-28f84493 wp-block-columns-is-layout-flex\">\n<div class=\"wp-block-column is-layout-flow wp-block-column-is-layout-flow\" style=\"flex-basis:33.33%\">\n<figure class=\"wp-block-image size-large\"><img loading=\"lazy\" decoding=\"async\" width=\"725\" height=\"1024\" src=\"https:\/\/www.abpflastern.de\/wp-content\/uploads\/2026\/03\/HfGG_logo_violet-725x1024.png\" alt=\"\" class=\"wp-image-1803\" srcset=\"https:\/\/www.abpflastern.de\/wp-content\/uploads\/2026\/03\/HfGG_logo_violet-725x1024.png 725w, https:\/\/www.abpflastern.de\/wp-content\/uploads\/2026\/03\/HfGG_logo_violet-212x300.png 212w, https:\/\/www.abpflastern.de\/wp-content\/uploads\/2026\/03\/HfGG_logo_violet-768x1085.png 768w, https:\/\/www.abpflastern.de\/wp-content\/uploads\/2026\/03\/HfGG_logo_violet.png 1019w\" sizes=\"auto, (max-width: 725px) 100vw, 725px\" \/><\/figure>\n<\/div>\n\n\n\n<div class=\"wp-block-column is-layout-flow wp-block-column-is-layout-flow\" style=\"flex-basis:66.66%\">\n<p style=\"font-size:16px\">Der Wettbewerb abpflastern ist ein Langzeit-Projekt von uns Studierenden der <a href=\"https:\/\/hfgg.de\/\" type=\"link\" id=\"https:\/\/hfgg.de\/\" target=\"_blank\" rel=\"noreferrer noopener\">Hochschule f\u00fcr Gesellschaftsgestaltung<\/a> in Koblenz. Vorbild ist das niederl\u00e4ndische <a href=\"https:\/\/www.nk-tegelwippen.nl\/\">NK Tegelwippen<\/a>. Wissenschaftlich begleitet wird das Projekt durch die Initiator*innen Prof. Dr. Lars Hochmann und Prof. Dr. Daniela Gottschlich.<\/p>\n\n\n\n<p style=\"font-size:16px\">Bei Fragen melde dich gerne bei uns unter: <a href=\"mailto:kontakt@abpflastern.de\">kontakt@abpflastern.de<\/a> oder schreibe uns auf <a href=\"https:\/\/www.instagram.com\/abpflastern\/\" target=\"_blank\" rel=\"noreferrer noopener\">Instagram<\/a>.<\/p>\n<\/div>\n<\/div>\n\n\n\n<div style=\"height:30px\" aria-hidden=\"true\" class=\"wp-block-spacer\"><\/div>\n\n\n\n<h2 class=\"wp-block-heading\"><strong>kooperationen<\/strong><\/h2>\n\n\n\n<h3 class=\"wp-block-heading\"><strong>JUGEND pflastert ab<\/strong><\/h3>\n\n\n\n<p>JUGEND pflastert ab ist ein deutschlandweiter Wettbewerb, bei dem&nbsp;<strong>Kinder- und Jugendeinrichtungen Fl\u00e4chen entsiegeln<\/strong>. 2026 gewinnt die Einrichtung, f\u00fcr welche die meisten und gr\u00f6\u00dften Fl\u00e4chen eingetragen werden! In den kommenden Jahren werden wir alle gewinnen: mehr Lebensqualit\u00e4t, bessere Luft, resilientere St\u00e4dte, gr\u00f6\u00dfere Artenvielfalt.<\/p>\n\n\n\n<div class=\"wp-block-media-text has-media-on-the-right is-stacked-on-mobile\" style=\"grid-template-columns:auto 19%\"><div class=\"wp-block-media-text__content\">\n<p>Start der Saison 2026 ist gleichzeitig mit &#8222;abpflastern&#8220; am&nbsp;<strong>21. M\u00e4rz 2026<\/strong>. Wer pflastert am meisten ab? Jeder Quadratmeter z\u00e4hlt! Mehr Infos unter&nbsp;<a href=\"http:\/\/www.jugend-pflastert-ab.de\/\">JUGEND pflastert ab<\/a>.<\/p>\n<\/div><figure class=\"wp-block-media-text__media\"><img loading=\"lazy\" decoding=\"async\" width=\"993\" height=\"600\" src=\"https:\/\/www.abpflastern.de\/wp-content\/uploads\/2026\/01\/logo_jugend-pflastert-ab.webp\" alt=\"\" class=\"wp-image-1359 size-full\" srcset=\"https:\/\/www.abpflastern.de\/wp-content\/uploads\/2026\/01\/logo_jugend-pflastert-ab.webp 993w, https:\/\/www.abpflastern.de\/wp-content\/uploads\/2026\/01\/logo_jugend-pflastert-ab-300x181.webp 300w, https:\/\/www.abpflastern.de\/wp-content\/uploads\/2026\/01\/logo_jugend-pflastert-ab-768x464.webp 768w\" sizes=\"auto, (max-width: 993px) 100vw, 993px\" \/><\/figure><\/div>\n\n\n\n<p>F\u00fcr und mit unseren Kindern!<\/p>\n\n\n\n<div style=\"height:5px\" aria-hidden=\"true\" class=\"wp-block-spacer\"><\/div>\n\n\n\n<h3 class=\"wp-block-heading\">Wie h\u00e4ngen &#8222;abpflastern&#8220; und &#8222;JUGEND pflastert ab&#8220; zusammen?<\/h3>\n\n\n\n<p>Wir als &#8222;abpflastern&#8220; verstehen uns als Kooperationspartner:innen mit &#8222;JUGEND pflastert ab&#8220;. Wir sind <strong>zwei <\/strong>deutschlandweite <strong>Entsiegelungswettbewerbe<\/strong>: &#8222;abpflastern&#8220; l\u00e4sst Kommunen in drei Ligen, nach Einwohner:innenzahl, gegen einander antreten. &#8222;JUGEND pflastert ab&#8220; hingegen l\u00e4sst Kinder- und Jugendeinrichtungen gegeneinander spielen.<\/p>\n\n\n\n<p>Wenn ich also f\u00fcr meine Kita in K\u00f6ln abpflaster und meine Steine\/ Quadratmeter eintrage, dann z\u00e4hlt das in beiden Wettbewerben: f\u00fcr meine Kita, die dadurch hoffentlich auf Platz 1 aller Kitas in Deutschland rutscht, und f\u00fcr meine Kommune K\u00f6ln, die in der Konkurenz mit den anderen gro\u00dfen St\u00e4dten hoffentlich so weit wie m\u00f6glich kommt!<\/p>\n\n\n\n<p>Egal, ob ihr also \u00fcber die Website von &#8222;abpflastern&#8220; auf den Link f\u00fcrs Eintragen klickt oder \u00fcber die Website von &#8222;JUGEND pflastert ab&#8220;: ihr landet in unserer gemeinsamen WebApp, tragt euch ein und wir z\u00e4hlen euren Eintrag in beiden Wettbewerben. Die Ranglisten beider Wettbewerbe findet ihr dann hier auf unserer Homepage.<\/p>\n\n\n\n<p>Wenn ihr in keiner Verbindung mit einer Kinder- und Jugendeinrichtung steht, k\u00f6nnt ihr eure Fl\u00e4che auch einer anderen Organisation widmen, mit der ihr in Verbindung steht. Wollt ihr eure Fl\u00e4che keiner Organisation widmen, dann wird euer Eintrag nur f\u00fcr eure Kommune gez\u00e4hlt. <\/p>\n\n\n\n<p><strong>Viel Spa\u00df beim Spielen in beiden Wettbewerben!<\/strong><\/p>\n\n\n\n<div style=\"height:53px\" aria-hidden=\"true\" class=\"wp-block-spacer\"><\/div>\n\n\n\n<p><\/p>\n","protected":false},"excerpt":{"rendered":"<p>Der Wettbewerb abpflastern ist ein Langzeit-Projekt von uns Studierenden der Hochschule f\u00fcr Gesellschaftsgestaltung in Koblenz. Vorbild ist das niederl\u00e4ndische NK [&hellip;]<\/p>\n","protected":false},"author":1,"featured_media":0,"parent":0,"menu_order":0,"comment_status":"closed","ping_status":"closed","template":"","meta":{"_acf_changed":false,"_monsterinsights_skip_tracking":false,"_monsterinsights_sitenote_active":false,"_monsterinsights_sitenote_note":"","_monsterinsights_sitenote_category":0,"site-sidebar-layout":"default","site-content-layout":"","ast-site-content-layout":"default","site-content-style":"default","site-sidebar-style":"default","ast-global-header-display":"","ast-banner-title-visibility":"","ast-main-header-display":"","ast-hfb-above-header-display":"","ast-hfb-below-header-display":"","ast-hfb-mobile-header-display":"","site-post-title":"","ast-breadcrumbs-content":"","ast-featured-img":"","footer-sml-layout":"","ast-disable-related-posts":"","theme-transparent-header-meta":"","adv-header-id-meta":"","stick-header-meta":"","header-above-stick-meta":"","header-main-stick-meta":"","header-below-stick-meta":"","astra-migrate-meta-layouts":"default","ast-page-background-enabled":"default","ast-page-background-meta":{"desktop":{"background-color":"var(--ast-global-color-4)","background-image":"","background-repeat":"repeat","background-position":"center center","background-size":"auto","background-attachment":"scroll","background-type":"","background-media":"","overlay-type":"","overlay-color":"","overlay-opacity":"","overlay-gradient":""},"tablet":{"background-color":"","background-image":"","background-repeat":"repeat","background-position":"center center","background-size":"auto","background-attachment":"scroll","background-type":"","background-media":"","overlay-type":"","overlay-color":"","overlay-opacity":"","overlay-gradient":""},"mobile":{"background-color":"","background-image":"","background-repeat":"repeat","background-position":"center center","background-size":"auto","background-attachment":"scroll","background-type":"","background-media":"","overlay-type":"","overlay-color":"","overlay-opacity":"","overlay-gradient":""}},"ast-content-background-meta":{"desktop":{"background-color":"var(--ast-global-color-5)","background-image":"","background-repeat":"repeat","background-position":"center center","background-size":"auto","background-attachment":"scroll","background-type":"","background-media":"","overlay-type":"","overlay-color":"","overlay-opacity":"","overlay-gradient":""},"tablet":{"background-color":"var(--ast-global-color-5)","background-image":"","background-repeat":"repeat","background-position":"center center","background-size":"auto","background-attachment":"scroll","background-type":"","background-media":"","overlay-type":"","overlay-color":"","overlay-opacity":"","overlay-gradient":""},"mobile":{"background-color":"var(--ast-global-color-5)","background-image":"","background-repeat":"repeat","background-position":"center center","background-size":"auto","background-attachment":"scroll","background-type":"","background-media":"","overlay-type":"","overlay-color":"","overlay-opacity":"","overlay-gradient":""}},"footnotes":""},"class_list":["post-1448","page","type-page","status-publish","hentry"],"acf":[],"yoast_head":"<!-- This site is optimized with the Yoast SEO plugin v27.4 - https:\/\/yoast.com\/product\/yoast-seo-wordpress\/ -->\n<title>\u00fcber uns - abpflastern<\/title>\n<meta name=\"robots\" content=\"index, follow, max-snippet:-1, max-image-preview:large, max-video-preview:-1\" \/>\n<link rel=\"canonical\" href=\"https:\/\/www.abpflastern.de\/index.php\/das-team\/\" \/>\n<meta property=\"og:locale\" content=\"de_DE\" \/>\n<meta property=\"og:type\" content=\"article\" \/>\n<meta property=\"og:title\" content=\"\u00fcber uns - abpflastern\" \/>\n<meta property=\"og:description\" content=\"Der Wettbewerb abpflastern ist ein Langzeit-Projekt von uns Studierenden der Hochschule f\u00fcr Gesellschaftsgestaltung in Koblenz. Vorbild ist das niederl\u00e4ndische NK [&hellip;]\" \/>\n<meta property=\"og:url\" content=\"https:\/\/www.abpflastern.de\/index.php\/das-team\/\" \/>\n<meta property=\"og:site_name\" content=\"abpflastern\" \/>\n<meta property=\"article:modified_time\" content=\"2026-04-13T19:37:34+00:00\" \/>\n<meta property=\"og:image\" content=\"https:\/\/www.abpflastern.de\/wp-content\/uploads\/2026\/03\/HfGG_logo_violet.png\" \/>\n\t<meta property=\"og:image:width\" content=\"1019\" \/>\n\t<meta property=\"og:image:height\" content=\"1440\" \/>\n\t<meta property=\"og:image:type\" content=\"image\/png\" \/>\n<meta name=\"twitter:card\" content=\"summary_large_image\" \/>\n<meta name=\"twitter:label1\" content=\"Gesch\u00e4tzte Lesezeit\" \/>\n\t<meta name=\"twitter:data1\" content=\"3\u00a0Minuten\" \/>\n<script type=\"application\/ld+json\" class=\"yoast-schema-graph\">{\"@context\":\"https:\\\/\\\/schema.org\",\"@graph\":[{\"@type\":\"WebPage\",\"@id\":\"https:\\\/\\\/www.abpflastern.de\\\/index.php\\\/das-team\\\/\",\"url\":\"https:\\\/\\\/www.abpflastern.de\\\/index.php\\\/das-team\\\/\",\"name\":\"\u00fcber uns - abpflastern\",\"isPartOf\":{\"@id\":\"https:\\\/\\\/www.abpflastern.de\\\/#website\"},\"primaryImageOfPage\":{\"@id\":\"https:\\\/\\\/www.abpflastern.de\\\/index.php\\\/das-team\\\/#primaryimage\"},\"image\":{\"@id\":\"https:\\\/\\\/www.abpflastern.de\\\/index.php\\\/das-team\\\/#primaryimage\"},\"thumbnailUrl\":\"https:\\\/\\\/www.abpflastern.de\\\/wp-content\\\/uploads\\\/2026\\\/03\\\/HfGG_logo_violet-725x1024.png\",\"datePublished\":\"2026-02-10T09:26:42+00:00\",\"dateModified\":\"2026-04-13T19:37:34+00:00\",\"breadcrumb\":{\"@id\":\"https:\\\/\\\/www.abpflastern.de\\\/index.php\\\/das-team\\\/#breadcrumb\"},\"inLanguage\":\"de\",\"potentialAction\":[{\"@type\":\"ReadAction\",\"target\":[\"https:\\\/\\\/www.abpflastern.de\\\/index.php\\\/das-team\\\/\"]}]},{\"@type\":\"ImageObject\",\"inLanguage\":\"de\",\"@id\":\"https:\\\/\\\/www.abpflastern.de\\\/index.php\\\/das-team\\\/#primaryimage\",\"url\":\"https:\\\/\\\/www.abpflastern.de\\\/wp-content\\\/uploads\\\/2026\\\/03\\\/HfGG_logo_violet.png\",\"contentUrl\":\"https:\\\/\\\/www.abpflastern.de\\\/wp-content\\\/uploads\\\/2026\\\/03\\\/HfGG_logo_violet.png\",\"width\":1019,\"height\":1440},{\"@type\":\"BreadcrumbList\",\"@id\":\"https:\\\/\\\/www.abpflastern.de\\\/index.php\\\/das-team\\\/#breadcrumb\",\"itemListElement\":[{\"@type\":\"ListItem\",\"position\":1,\"name\":\"Startseite\",\"item\":\"https:\\\/\\\/www.abpflastern.de\\\/\"},{\"@type\":\"ListItem\",\"position\":2,\"name\":\"\u00fcber uns\"}]},{\"@type\":\"WebSite\",\"@id\":\"https:\\\/\\\/www.abpflastern.de\\\/#website\",\"url\":\"https:\\\/\\\/www.abpflastern.de\\\/\",\"name\":\"abpflastern\",\"description\":\"der Entsiegelungs-Wettbewerb\",\"publisher\":{\"@id\":\"https:\\\/\\\/www.abpflastern.de\\\/#organization\"},\"potentialAction\":[{\"@type\":\"SearchAction\",\"target\":{\"@type\":\"EntryPoint\",\"urlTemplate\":\"https:\\\/\\\/www.abpflastern.de\\\/?s={search_term_string}\"},\"query-input\":{\"@type\":\"PropertyValueSpecification\",\"valueRequired\":true,\"valueName\":\"search_term_string\"}}],\"inLanguage\":\"de\"},{\"@type\":\"Organization\",\"@id\":\"https:\\\/\\\/www.abpflastern.de\\\/#organization\",\"name\":\"abpflastern\",\"url\":\"https:\\\/\\\/www.abpflastern.de\\\/\",\"logo\":{\"@type\":\"ImageObject\",\"inLanguage\":\"de\",\"@id\":\"https:\\\/\\\/www.abpflastern.de\\\/#\\\/schema\\\/logo\\\/image\\\/\",\"url\":\"https:\\\/\\\/www.abpflastern.de\\\/wp-content\\\/uploads\\\/2026\\\/01\\\/Offizielles-Logo-official.png\",\"contentUrl\":\"https:\\\/\\\/www.abpflastern.de\\\/wp-content\\\/uploads\\\/2026\\\/01\\\/Offizielles-Logo-official.png\",\"width\":2048,\"height\":2048,\"caption\":\"abpflastern\"},\"image\":{\"@id\":\"https:\\\/\\\/www.abpflastern.de\\\/#\\\/schema\\\/logo\\\/image\\\/\"},\"sameAs\":[\"https:\\\/\\\/www.instagram.com\\\/abpflastern\\\/\"]}]}<\/script>\n<!-- \/ Yoast SEO plugin. -->","yoast_head_json":{"title":"\u00fcber uns - abpflastern","robots":{"index":"index","follow":"follow","max-snippet":"max-snippet:-1","max-image-preview":"max-image-preview:large","max-video-preview":"max-video-preview:-1"},"canonical":"https:\/\/www.abpflastern.de\/index.php\/das-team\/","og_locale":"de_DE","og_type":"article","og_title":"\u00fcber uns - abpflastern","og_description":"Der Wettbewerb abpflastern ist ein Langzeit-Projekt von uns Studierenden der Hochschule f\u00fcr Gesellschaftsgestaltung in Koblenz. Vorbild ist das niederl\u00e4ndische NK [&hellip;]","og_url":"https:\/\/www.abpflastern.de\/index.php\/das-team\/","og_site_name":"abpflastern","article_modified_time":"2026-04-13T19:37:34+00:00","og_image":[{"width":1019,"height":1440,"url":"https:\/\/www.abpflastern.de\/wp-content\/uploads\/2026\/03\/HfGG_logo_violet.png","type":"image\/png"}],"twitter_card":"summary_large_image","twitter_misc":{"Gesch\u00e4tzte Lesezeit":"3\u00a0Minuten"},"schema":{"@context":"https:\/\/schema.org","@graph":[{"@type":"WebPage","@id":"https:\/\/www.abpflastern.de\/index.php\/das-team\/","url":"https:\/\/www.abpflastern.de\/index.php\/das-team\/","name":"\u00fcber uns - abpflastern","isPartOf":{"@id":"https:\/\/www.abpflastern.de\/#website"},"primaryImageOfPage":{"@id":"https:\/\/www.abpflastern.de\/index.php\/das-team\/#primaryimage"},"image":{"@id":"https:\/\/www.abpflastern.de\/index.php\/das-team\/#primaryimage"},"thumbnailUrl":"https:\/\/www.abpflastern.de\/wp-content\/uploads\/2026\/03\/HfGG_logo_violet-725x1024.png","datePublished":"2026-02-10T09:26:42+00:00","dateModified":"2026-04-13T19:37:34+00:00","breadcrumb":{"@id":"https:\/\/www.abpflastern.de\/index.php\/das-team\/#breadcrumb"},"inLanguage":"de","potentialAction":[{"@type":"ReadAction","target":["https:\/\/www.abpflastern.de\/index.php\/das-team\/"]}]},{"@type":"ImageObject","inLanguage":"de","@id":"https:\/\/www.abpflastern.de\/index.php\/das-team\/#primaryimage","url":"https:\/\/www.abpflastern.de\/wp-content\/uploads\/2026\/03\/HfGG_logo_violet.png","contentUrl":"https:\/\/www.abpflastern.de\/wp-content\/uploads\/2026\/03\/HfGG_logo_violet.png","width":1019,"height":1440},{"@type":"BreadcrumbList","@id":"https:\/\/www.abpflastern.de\/index.php\/das-team\/#breadcrumb","itemListElement":[{"@type":"ListItem","position":1,"name":"Startseite","item":"https:\/\/www.abpflastern.de\/"},{"@type":"ListItem","position":2,"name":"\u00fcber uns"}]},{"@type":"WebSite","@id":"https:\/\/www.abpflastern.de\/#website","url":"https:\/\/www.abpflastern.de\/","name":"abpflastern","description":"der Entsiegelungs-Wettbewerb","publisher":{"@id":"https:\/\/www.abpflastern.de\/#organization"},"potentialAction":[{"@type":"SearchAction","target":{"@type":"EntryPoint","urlTemplate":"https:\/\/www.abpflastern.de\/?s={search_term_string}"},"query-input":{"@type":"PropertyValueSpecification","valueRequired":true,"valueName":"search_term_string"}}],"inLanguage":"de"},{"@type":"Organization","@id":"https:\/\/www.abpflastern.de\/#organization","name":"abpflastern","url":"https:\/\/www.abpflastern.de\/","logo":{"@type":"ImageObject","inLanguage":"de","@id":"https:\/\/www.abpflastern.de\/#\/schema\/logo\/image\/","url":"https:\/\/www.abpflastern.de\/wp-content\/uploads\/2026\/01\/Offizielles-Logo-official.png","contentUrl":"https:\/\/www.abpflastern.de\/wp-content\/uploads\/2026\/01\/Offizielles-Logo-official.png","width":2048,"height":2048,"caption":"abpflastern"},"image":{"@id":"https:\/\/www.abpflastern.de\/#\/schema\/logo\/image\/"},"sameAs":["https:\/\/www.instagram.com\/abpflastern\/"]}]}},"_links":{"self":[{"href":"https:\/\/www.abpflastern.de\/index.php\/wp-json\/wp\/v2\/pages\/1448","targetHints":{"allow":["GET"]}}],"collection":[{"href":"https:\/\/www.abpflastern.de\/index.php\/wp-json\/wp\/v2\/pages"}],"about":[{"href":"https:\/\/www.abpflastern.de\/index.php\/wp-json\/wp\/v2\/types\/page"}],"author":[{"embeddable":true,"href":"https:\/\/www.abpflastern.de\/index.php\/wp-json\/wp\/v2\/users\/1"}],"replies":[{"embeddable":true,"href":"https:\/\/www.abpflastern.de\/index.php\/wp-json\/wp\/v2\/comments?post=1448"}],"version-history":[{"count":20,"href":"https:\/\/www.abpflastern.de\/index.php\/wp-json\/wp\/v2\/pages\/1448\/revisions"}],"predecessor-version":[{"id":2180,"href":"https:\/\/www.abpflastern.de\/index.php\/wp-json\/wp\/v2\/pages\/1448\/revisions\/2180"}],"wp:attachment":[{"href":"https:\/\/www.abpflastern.de\/index.php\/wp-json\/wp\/v2\/media?parent=1448"}],"curies":[{"name":"wp","href":"https:\/\/api.w.org\/{rel}","templated":true}]}}